{"id":173,"date":"2014-10-24T11:31:21","date_gmt":"2014-10-24T11:31:21","guid":{"rendered":"http:\/\/demo.proteusthemes.com\/buildpress\/?page_id=173"},"modified":"2015-03-09T13:11:02","modified_gmt":"2015-03-09T12:11:02","slug":"projects","status":"publish","type":"page","link":"https:\/\/jawirem.pl\/?page_id=173","title":{"rendered":"Potencja\u0142"},"content":{"rendered":"<ul>\n<li><strong>Jawirem Sp. z o.o.<\/strong> posiada obecnie kadr\u0119 pracownicz\u0105 sk\u0142adaj\u0105c\u0105 si\u0119 z <strong>22 os\u00f3b<\/strong><\/li>\n<li>Przedsi\u0119biorstwo posiada <strong>800\u00a0m\u00b2 hali produkcyjnych<\/strong><\/li>\n<li>Park maszynowy, kt\u00f3ry pozwala na wykonywanie <strong>us\u0142ug<\/strong> w zakresie:\n<ul>\n<li>ci\u0119cia plazmowego do 25 mm<\/li>\n<li>spawania elektrycznego\/migmag oraz spawania gazowego<\/li>\n<li>naprawiania<\/li>\n<\/ul>\n<\/li>\n<li>W parku maszynowym znajduj\u0105 si\u0119 <strong>urz\u0105dzenia<\/strong> takie jak:\n<ul>\n<li>wytaczarka<\/li>\n<li>wiertarki, frezarki, d\u0142utownica pionowa<\/li>\n<li>szlifierka do wa\u0142k\u00f3w d\u0142. 1000 mm<\/li>\n<li>maszyny do obr\u00f3bki skrawaniem (do\u00a0\u03d51000)<\/li>\n<\/ul>\n<\/li>\n<\/ul>\n","protected":false},"excerpt":{"rendered":"<p>Jawirem Sp. z o.o. posiada obecnie kadr\u0119 pracownicz\u0105 sk\u0142adaj\u0105c\u0105 si\u0119 z 22 os\u00f3b Przedsi\u0119biorstwo posiada 800\u00a0m\u00b2 hali produkcyjnych Park maszynowy, kt\u00f3ry pozwala na wykonywanie us\u0142ug w zakresie: ci\u0119cia plazmowego do 25 mm spawania elektrycznego\/migmag oraz spawania gazowego naprawiania W parku maszynowym znajduj\u0105 si\u0119 urz\u0105dzenia takie jak: wytaczarka wiertarki, frezarki, d\u0142utownica pionowa szlifierka do wa\u0142k\u00f3w d\u0142. &hellip;<\/p>\n","protected":false},"author":1,"featured_media":0,"parent":0,"menu_order":0,"comment_status":"closed","ping_status":"open","template":"","meta":{"footnotes":""},"_links":{"self":[{"href":"https:\/\/jawirem.pl\/index.php?rest_route=\/wp\/v2\/pages\/173"}],"collection":[{"href":"https:\/\/jawirem.pl\/index.php?rest_route=\/wp\/v2\/pages"}],"about":[{"href":"https:\/\/jawirem.pl\/index.php?rest_route=\/wp\/v2\/types\/page"}],"author":[{"embeddable":true,"href":"https:\/\/jawirem.pl\/index.php?rest_route=\/wp\/v2\/users\/1"}],"replies":[{"embeddable":true,"href":"https:\/\/jawirem.pl\/index.php?rest_route=%2Fwp%2Fv2%2Fcomments&post=173"}],"version-history":[{"count":6,"href":"https:\/\/jawirem.pl\/index.php?rest_route=\/wp\/v2\/pages\/173\/revisions"}],"predecessor-version":[{"id":2384,"href":"https:\/\/jawirem.pl\/index.php?rest_route=\/wp\/v2\/pages\/173\/revisions\/2384"}],"wp:attachment":[{"href":"https:\/\/jawirem.pl\/index.php?rest_route=%2Fwp%2Fv2%2Fmedia&parent=173"}],"curies":[{"name":"wp","href":"https:\/\/api.w.org\/{rel}","templated":true}]}}