{"id":29,"date":"2017-09-21T08:30:29","date_gmt":"2017-09-21T06:30:29","guid":{"rendered":"http:\/\/demo.proteusthemes.com\/buildpress\/?page_id=29"},"modified":"2018-01-24T06:35:44","modified_gmt":"2018-01-24T05:35:44","slug":"contact-us","status":"publish","type":"page","link":"https:\/\/jawirem.pl\/?page_id=29","title":{"rendered":"Kontakt"},"content":{"rendered":"<div id=\"pl-29\"  class=\"panel-layout\" ><div id=\"pg-29-0\"  class=\"panel-grid panel-no-style\" ><div id=\"pgc-29-0-0\"  class=\"panel-grid-cell\" >\n\t\t\t<div id=\"panel-29-0-0-0\" class=\"so-panel widget widget_pt_google_map panel-first-child panel-last-child\" data-index=\"0\" ><div class=\"panel-widget-style panel-widget-style-for-29-0-0-0\" >\t\t\t\t<div\n\t\t\t\t\tclass=\"simple-map  js-where-we-are\"\n\t\t\t\t\tdata-latlng=\"49.962847, 19.154907\"\n\t\t\t\t\tdata-markers=\"[{&quot;title&quot;:&quot;Jawirem&quot;,&quot;locationlatlng&quot;:&quot;49.962847, 19.154907&quot;,&quot;custompinimage&quot;:&quot;&quot;,&quot;id&quot;:&quot;1&quot;}]\"\n\t\t\t\t\tdata-zoom=\"12\"\n\t\t\t\t\tdata-type=\"roadmap\"\n\t\t\t\t\tdata-style=\"[]\"\n\t\t\t\t\tstyle=\"height: 380px;\"\n\t\t\t\t><\/div>\n\t\t\t<\/div><\/div>\n\t\t\t<\/div><\/div><div id=\"pg-29-1\"  class=\"panel-grid panel-no-style\" ><div id=\"pgc-29-1-0\"  class=\"panel-grid-cell\" ><div id=\"panel-29-1-0-0\" class=\"so-panel widget widget_text panel-first-child panel-last-child\" data-index=\"1\" >\t\t\t<div class=\"textwidget\"><span class=\"icon-container\"><span class=\"fa fa-home\"><\/span><\/span> <b>JAWIREM Sp. z o.o.<\/b><br>\n\t\t\t32-626 Jawiszowice<br>\n\t\t\tul. Sp\u00f3\u0142dzielcza 2A<br><br>\n\t\t\t<span class=\"icon-container\"><span class=\"fa fa-phone\"><\/span><\/span> <b>32 21 11 424<\/b><br>\n\t\t\t<span class=\"icon-container\"><span class=\"fa fa-fax\"><\/span><\/span> <b>32 21 11 424<\/b><br>\n\t\t\t<span class=\"icon-container\"><span class=\"fa fa-envelope\"><\/span><\/span> <a href=\"&#x6d;&#97;i&#x6c;&#x74;&#111;:&#x6a;&#x61;&#119;i&#x72;&#101;m&#x40;&#x69;&#100;s&#x6c;&#x2e;&#112;l\">jawi&#114;&#101;&#109;&#64;&#105;&#x64;&#x73;&#x6c;&#x2e;&#x70;&#x6c;<\/a><br><br>\n                        <br>\n                        <b>Prezes zarz\u0105du<\/b><br>\n                        +48 607 670 304<br><br>\n                        <b>Dyrektor zarz\u0105dzaj\u0105cy<\/b><br>\n                        +48 508 970 835<br><br>\n                        <b>Ksi\u0119gowo\u015b\u0107<\/b><br>\n                        +48 691 170 419<br><br>\n                        <b>Zaopatrzenie i logistyka<\/b><br>\n                        +48 531 064 735\n\n\n\t<\/div>\n\t\t<\/div><\/div><div id=\"pgc-29-1-1\"  class=\"panel-grid-cell\" ><div id=\"panel-29-1-1-0\" class=\"so-panel widget widget_text panel-first-child panel-last-child\" data-index=\"2\" >\t\t\t<div class=\"textwidget\">\n<div class=\"wpcf7 no-js\" id=\"wpcf7-f5-o1\" lang=\"pl-PL\" dir=\"ltr\">\n<div class=\"screen-reader-response\"><p role=\"status\" aria-live=\"polite\" aria-atomic=\"true\"><\/p> <ul><\/ul><\/div>\n<form action=\"\/index.php?rest_route=%2Fwp%2Fv2%2Fpages%2F29#wpcf7-f5-o1\" method=\"post\" class=\"wpcf7-form init\" aria-label=\"Formularz kontaktowy\" novalidate=\"novalidate\" data-status=\"init\">\n<div style=\"display: none;\">\n<input type=\"hidden\" name=\"_wpcf7\" value=\"5\" \/>\n<input type=\"hidden\" name=\"_wpcf7_version\" value=\"5.8.4\" \/>\n<input type=\"hidden\" name=\"_wpcf7_locale\" value=\"pl_PL\" \/>\n<input type=\"hidden\" name=\"_wpcf7_unit_tag\" value=\"wpcf7-f5-o1\" \/>\n<input type=\"hidden\" name=\"_wpcf7_container_post\" value=\"0\" \/>\n<input type=\"hidden\" name=\"_wpcf7_posted_data_hash\" value=\"\" \/>\n<input type=\"hidden\" name=\"_wpcf7_recaptcha_response\" value=\"\" \/>\n<\/div>\n<p>Imi\u0119 i nazwisko (wymagane)\n<\/p>\n<p><span class=\"wpcf7-form-control-wrap\" data-name=\"your-name\"><input size=\"40\" class=\"wpcf7-form-control wpcf7-text wpcf7-validates-as-required\" aria-required=\"true\" aria-invalid=\"false\" value=\"\" type=\"text\" name=\"your-name\" \/><\/span>\n<\/p>\n<p>Adres email (wymagane)\n<\/p>\n<p><span class=\"wpcf7-form-control-wrap\" data-name=\"your-email\"><input size=\"40\" class=\"wpcf7-form-control wpcf7-email wpcf7-validates-as-required wpcf7-text wpcf7-validates-as-email\" aria-required=\"true\" aria-invalid=\"false\" value=\"\" type=\"email\" name=\"your-email\" \/><\/span>\n<\/p>\n<p>Temat\n<\/p>\n<p><span class=\"wpcf7-form-control-wrap\" data-name=\"your-subject\"><input size=\"40\" class=\"wpcf7-form-control wpcf7-text\" aria-invalid=\"false\" value=\"\" type=\"text\" name=\"your-subject\" \/><\/span>\n<\/p>\n<p>Tre\u015b\u0107 wiadomo\u015bci\n<\/p>\n<p><span class=\"wpcf7-form-control-wrap\" data-name=\"your-message\"><textarea cols=\"40\" rows=\"10\" class=\"wpcf7-form-control wpcf7-textarea\" aria-invalid=\"false\" name=\"your-message\"><\/textarea><\/span>\n<\/p>\n<p><input class=\"wpcf7-form-control wpcf7-submit has-spinner\" type=\"submit\" value=\"Wy\u015blij\" \/>\n<\/p><div class=\"wpcf7-response-output\" aria-hidden=\"true\"><\/div>\n<\/form>\n<\/div>\n<\/div>\n\t\t<\/div><\/div><\/div><\/div>","protected":false},"excerpt":{"rendered":"<p>JAWIREM Sp. z o.o. 32-626 Jawiszowice ul. Sp\u00f3\u0142dzielcza 2A 32 21 11 424 32 21 11 424 &#x6a;a&#x77;&#105;&#x72;&#101;&#x6d;&#x40;i&#x64;&#115;&#x6c;&#46;&#x70;&#108; Prezes zarz\u0105du +48 607 670 304 Dyrektor zarz\u0105dzaj\u0105cy +48 508 970 835 Ksi\u0119gowo\u015b\u0107 +48 691 170 419 Zaopatrzenie i logistyka +48 531 064 735<\/p>\n","protected":false},"author":1,"featured_media":0,"parent":0,"menu_order":0,"comment_status":"closed","ping_status":"closed","template":"template-builder-page.php","meta":{"footnotes":""},"_links":{"self":[{"href":"https:\/\/jawirem.pl\/index.php?rest_route=\/wp\/v2\/pages\/29"}],"collection":[{"href":"https:\/\/jawirem.pl\/index.php?rest_route=\/wp\/v2\/pages"}],"about":[{"href":"https:\/\/jawirem.pl\/index.php?rest_route=\/wp\/v2\/types\/page"}],"author":[{"embeddable":true,"href":"https:\/\/jawirem.pl\/index.php?rest_route=\/wp\/v2\/users\/1"}],"replies":[{"embeddable":true,"href":"https:\/\/jawirem.pl\/index.php?rest_route=%2Fwp%2Fv2%2Fcomments&post=29"}],"version-history":[{"count":18,"href":"https:\/\/jawirem.pl\/index.php?rest_route=\/wp\/v2\/pages\/29\/revisions"}],"predecessor-version":[{"id":2477,"href":"https:\/\/jawirem.pl\/index.php?rest_route=\/wp\/v2\/pages\/29\/revisions\/2477"}],"wp:attachment":[{"href":"https:\/\/jawirem.pl\/index.php?rest_route=%2Fwp%2Fv2%2Fmedia&parent=29"}],"curies":[{"name":"wp","href":"https:\/\/api.w.org\/{rel}","templated":true}]}}