{"id":49,"date":"2014-10-23T08:32:31","date_gmt":"2014-10-23T08:32:31","guid":{"rendered":"http:\/\/demo.proteusthemes.com\/buildpress\/?page_id=49"},"modified":"2015-03-08T22:01:24","modified_gmt":"2015-03-08T21:01:24","slug":"our-services","status":"publish","type":"page","link":"https:\/\/jawirem.pl\/?page_id=49","title":{"rendered":"Us\u0142ugi"},"content":{"rendered":"<p><strong>Przedsi\u0119biorstwo PPUH &#8222;JAWIREM&#8221;<\/strong> zajmuje si\u0119 g\u0142\u00f3wnie wytwarzaniem szerokiej gamy element\u00f3w i konstrukcji metalowych, \u015bwiadcz\u0105c przede wszystkim us\u0142ugi o charakterze <em>obr\u00f3bki mechanicznej metali, spawalnictwa oraz us\u0142ug \u015blusarsko-kowalskich<\/em>. Wszystkie prace przeprowadzone s\u0105 <strong>w stale rozwijaj\u0105cym si\u0119 i unowocze\u015bnianym parku maszynowym<\/strong> znajduj\u0105cym si\u0119 w halach produkcyjnych o powierzchni <strong>800\u00a0m\u00b2<\/strong>. Do\u015bwiadczeni pracownicy i specjali\u015bci w zakresie wykonywanych us\u0142ug dok\u0142adaj\u0105 wszelkich stara\u0144, by zwi\u0119ksza\u0107 stopie\u0144 zadowolenia klient\u00f3w.<\/p>\n<p>Projektowanie wyrob\u00f3w wykonywane jest przez klienta, a przedsi\u0119biorstwo <strong>PPUH &#8222;JAWIREM&#8221;<\/strong> pracuje w oparciu o jego dokumentacje, dlatego te\u017c wy\u0142\u0105czono projektowanie z realizacji procesu.<\/p>\n<p><strong>Przedsi\u0119biorstwo oferuje wykonawstwo:<\/strong><\/p>\n<ul>\n<li>Py\u0142oprzewod\u00f3w<\/li>\n<li>Kolanek i sto\u017ck\u00f3w<\/li>\n<li>Wszelkich konstrukcji stalowych<\/li>\n<li>Lej\u00f3w sto\u017ckowych<\/li>\n<li>Prac remontowo &#8211; monta\u017cowych<\/li>\n<li>Us\u0142ug \u015blusarsko &#8211; kowalskich<\/li>\n<\/ul>\n","protected":false},"excerpt":{"rendered":"<p>Przedsi\u0119biorstwo PPUH &#8222;JAWIREM&#8221; zajmuje si\u0119 g\u0142\u00f3wnie wytwarzaniem szerokiej gamy element\u00f3w i konstrukcji metalowych, \u015bwiadcz\u0105c przede wszystkim us\u0142ugi o charakterze obr\u00f3bki mechanicznej metali, spawalnictwa oraz us\u0142ug \u015blusarsko-kowalskich. Wszystkie prace przeprowadzone s\u0105 w stale rozwijaj\u0105cym si\u0119 i unowocze\u015bnianym parku maszynowym znajduj\u0105cym si\u0119 w halach produkcyjnych o powierzchni 800\u00a0m\u00b2. Do\u015bwiadczeni pracownicy i specjali\u015bci w zakresie wykonywanych us\u0142ug dok\u0142adaj\u0105 &hellip;<\/p>\n","protected":false},"author":1,"featured_media":0,"parent":0,"menu_order":0,"comment_status":"closed","ping_status":"open","template":"","meta":{"footnotes":""},"_links":{"self":[{"href":"https:\/\/jawirem.pl\/index.php?rest_route=\/wp\/v2\/pages\/49"}],"collection":[{"href":"https:\/\/jawirem.pl\/index.php?rest_route=\/wp\/v2\/pages"}],"about":[{"href":"https:\/\/jawirem.pl\/index.php?rest_route=\/wp\/v2\/types\/page"}],"author":[{"embeddable":true,"href":"https:\/\/jawirem.pl\/index.php?rest_route=\/wp\/v2\/users\/1"}],"replies":[{"embeddable":true,"href":"https:\/\/jawirem.pl\/index.php?rest_route=%2Fwp%2Fv2%2Fcomments&post=49"}],"version-history":[{"count":5,"href":"https:\/\/jawirem.pl\/index.php?rest_route=\/wp\/v2\/pages\/49\/revisions"}],"predecessor-version":[{"id":2329,"href":"https:\/\/jawirem.pl\/index.php?rest_route=\/wp\/v2\/pages\/49\/revisions\/2329"}],"wp:attachment":[{"href":"https:\/\/jawirem.pl\/index.php?rest_route=%2Fwp%2Fv2%2Fmedia&parent=49"}],"curies":[{"name":"wp","href":"https:\/\/api.w.org\/{rel}","templated":true}]}}